{"id":402,"date":"2022-03-30T13:42:26","date_gmt":"2022-03-30T13:42:26","guid":{"rendered":"https:\/\/www.niinvisua.fi\/?page_id=402"},"modified":"2024-09-13T10:23:27","modified_gmt":"2024-09-13T10:23:27","slug":"palvelut","status":"publish","type":"page","link":"https:\/\/www.niinvisua.fi\/?page_id=402","title":{"rendered":"Palvelut"},"content":{"rendered":"\n<p>Sisustussuunnittelu sis\u00e4lt\u00e4\u00e4 aina asiakkaalle yksil\u00f6llisesti r\u00e4\u00e4t\u00e4l\u00f6idyn suunnitelman.&nbsp;Suunnitelma sis\u00e4lt\u00e4\u00e4 esimerkiksi:<\/p>\n\n\n\n<ul class=\"wp-block-list\">\n<li>k\u00e4ynnin asiakkaan luona<\/li>\n\n\n\n<li>haastattelun\/toiveiden kartoituksen<\/li>\n\n\n\n<li>inspiraatiokuvat<\/li>\n\n\n\n<li>moodboardin tai materiaalimallit<\/li>\n\n\n\n<li>kalustetut pohjakuvat, mahdolliset sein\u00e4projektiot ja 3D kuvat<\/li>\n\n\n\n<li>huonekortit tuotetietoineen&nbsp;<\/li>\n\n\n\n<li>kustannusarvion materiaalien osalta<\/li>\n\n\n\n<li>valaistussuunnitelman<\/li>\n<\/ul>\n\n\n\n<p>Sisustussuunnitelman tekeminen sis\u00e4lt\u00e4\u00e4 paljon kommunikointia asiakkaan kanssa, jotta p\u00e4\u00e4semme parhaaseen mahdolliseen lopputulokseen<\/p>\n\n\n\n<div style=\"height:100px\" aria-hidden=\"true\" class=\"wp-block-spacer\"><\/div>\n\n\n\n<hr class=\"wp-block-separator has-text-color has-ast-global-color-6-color has-alpha-channel-opacity has-ast-global-color-6-background-color has-background is-style-wide\"\/>\n\n\n\n<figure class=\"wp-block-image size-large is-resized wp-duotone-000000-ffffff-1\"><img loading=\"lazy\" decoding=\"async\" width=\"1024\" height=\"819\" src=\"https:\/\/www.niinvisua.fi\/wp-content\/uploads\/2023\/02\/B6F69961-8D34-43E9-8A29-AD65DB3122E4-1024x819.jpeg\" alt=\"\" class=\"wp-image-616\" style=\"width:911px;height:auto\" srcset=\"https:\/\/www.niinvisua.fi\/wp-content\/uploads\/2023\/02\/B6F69961-8D34-43E9-8A29-AD65DB3122E4-1024x819.jpeg 1024w, https:\/\/www.niinvisua.fi\/wp-content\/uploads\/2023\/02\/B6F69961-8D34-43E9-8A29-AD65DB3122E4-300x240.jpeg 300w, https:\/\/www.niinvisua.fi\/wp-content\/uploads\/2023\/02\/B6F69961-8D34-43E9-8A29-AD65DB3122E4-768x614.jpeg 768w, https:\/\/www.niinvisua.fi\/wp-content\/uploads\/2023\/02\/B6F69961-8D34-43E9-8A29-AD65DB3122E4-1536x1229.jpeg 1536w, https:\/\/www.niinvisua.fi\/wp-content\/uploads\/2023\/02\/B6F69961-8D34-43E9-8A29-AD65DB3122E4-2048x1638.jpeg 2048w\" sizes=\"(max-width: 1024px) 100vw, 1024px\" \/><\/figure>\n\n\n\n<h2 class=\"wp-block-heading\">Tilasuunnittelu<\/h2>\n\n\n\n<p>Tilasuunnittelussa m\u00e4\u00e4ritell\u00e4\u00e4n tilan k\u00e4ytt\u00f6tarkoitus, kulut ja esimerkiksi kiintokalusteiden paikat toiminnallisuus sek\u00e4 visuaalisuus huomioiden. Suunnittelu alkaa kartoituksella, jossa k\u00e4yd\u00e4\u00e4n l\u00e4pi asiakkaan tarpeet ja toiveet.<\/p>\n\n\n\n<div style=\"height:100px\" aria-hidden=\"true\" class=\"wp-block-spacer\"><\/div>\n\n\n\n<hr class=\"wp-block-separator aligncenter has-text-color has-ast-global-color-6-color has-alpha-channel-opacity has-ast-global-color-6-background-color has-background is-style-wide\"\/>\n\n\n\n<figure class=\"wp-block-image size-large is-resized\"><img loading=\"lazy\" decoding=\"async\" width=\"1024\" height=\"819\" src=\"https:\/\/www.niinvisua.fi\/wp-content\/uploads\/2023\/02\/67A43596-FDD9-4633-9A21-D91E1BAE1C7D-1024x819.jpeg\" alt=\"\" class=\"wp-image-617\" style=\"width:909px;height:auto\" srcset=\"https:\/\/www.niinvisua.fi\/wp-content\/uploads\/2023\/02\/67A43596-FDD9-4633-9A21-D91E1BAE1C7D-1024x819.jpeg 1024w, https:\/\/www.niinvisua.fi\/wp-content\/uploads\/2023\/02\/67A43596-FDD9-4633-9A21-D91E1BAE1C7D-300x240.jpeg 300w, https:\/\/www.niinvisua.fi\/wp-content\/uploads\/2023\/02\/67A43596-FDD9-4633-9A21-D91E1BAE1C7D-768x614.jpeg 768w, https:\/\/www.niinvisua.fi\/wp-content\/uploads\/2023\/02\/67A43596-FDD9-4633-9A21-D91E1BAE1C7D-1536x1229.jpeg 1536w, https:\/\/www.niinvisua.fi\/wp-content\/uploads\/2023\/02\/67A43596-FDD9-4633-9A21-D91E1BAE1C7D-2048x1638.jpeg 2048w\" sizes=\"(max-width: 1024px) 100vw, 1024px\" \/><\/figure>\n\n\n\n<h2 class=\"wp-block-heading\">Pintamateriaali- ja v\u00e4risuunnittelu<\/h2>\n\n\n\n<p>Pintaateriaali ja v\u00e4rivalinnoilla luodaan tilaan viimeistelty ja harmoninen tunnelma. Etsit\u00e4\u00e4n asiakkaan toiveiden ja tyylin mukaisia vaihtoehtoja niin sein\u00e4, lattia kuin kattopintoihin ottaen huomioon tilan k\u00e4ytt\u00f6tarkoitus ja toimivuus.&nbsp;<\/p>\n\n\n\n<div style=\"height:100px\" aria-hidden=\"true\" class=\"wp-block-spacer\"><\/div>\n\n\n\n<hr class=\"wp-block-separator has-text-color has-ast-global-color-6-color has-alpha-channel-opacity has-ast-global-color-6-background-color has-background is-style-wide\"\/>\n\n\n\n<figure class=\"wp-block-image size-large is-resized\"><img loading=\"lazy\" decoding=\"async\" width=\"1024\" height=\"819\" src=\"https:\/\/www.niinvisua.fi\/wp-content\/uploads\/2023\/02\/C48E7208-F18B-4399-ACA6-647D526BC57B-1024x819.jpeg\" alt=\"\" class=\"wp-image-618\" srcset=\"https:\/\/www.niinvisua.fi\/wp-content\/uploads\/2023\/02\/C48E7208-F18B-4399-ACA6-647D526BC57B-1024x819.jpeg 1024w, https:\/\/www.niinvisua.fi\/wp-content\/uploads\/2023\/02\/C48E7208-F18B-4399-ACA6-647D526BC57B-300x240.jpeg 300w, https:\/\/www.niinvisua.fi\/wp-content\/uploads\/2023\/02\/C48E7208-F18B-4399-ACA6-647D526BC57B-768x614.jpeg 768w, https:\/\/www.niinvisua.fi\/wp-content\/uploads\/2023\/02\/C48E7208-F18B-4399-ACA6-647D526BC57B-1536x1229.jpeg 1536w, https:\/\/www.niinvisua.fi\/wp-content\/uploads\/2023\/02\/C48E7208-F18B-4399-ACA6-647D526BC57B-2048x1638.jpeg 2048w\" sizes=\"(max-width: 1024px) 100vw, 1024px\" \/><\/figure>\n\n\n\n<h2 class=\"wp-block-heading\">Kiintokalustesuunnittelu<\/h2>\n\n\n\n<p>K\u00e4yt\u00e4nn\u00f6lliset ja toimivat s\u00e4ilytysratkaisut tuovat helpotusta arkeen niin eteisess\u00e4, keitti\u00f6ss\u00e4, kodinhoitohuoneessa, wc\/kylpyhuonetiloissa kuin makuuhuoneissa. Suunnitellussa huomioidaan aina asiakkaan tarpeet, toiveet ja tyyli.&nbsp;<\/p>\n\n\n\n<div style=\"height:100px\" aria-hidden=\"true\" class=\"wp-block-spacer\"><\/div>\n\n\n\n<hr class=\"wp-block-separator has-text-color has-ast-global-color-6-color has-alpha-channel-opacity has-ast-global-color-6-background-color has-background is-style-wide\"\/>\n\n\n\n<figure class=\"wp-block-image size-large is-resized\"><img loading=\"lazy\" decoding=\"async\" width=\"1024\" height=\"819\" src=\"https:\/\/www.niinvisua.fi\/wp-content\/uploads\/2023\/02\/79BFC0A0-7E16-4BA7-B442-188D92CEFA7A-1024x819.jpeg\" alt=\"\" class=\"wp-image-619\" srcset=\"https:\/\/www.niinvisua.fi\/wp-content\/uploads\/2023\/02\/79BFC0A0-7E16-4BA7-B442-188D92CEFA7A-1024x819.jpeg 1024w, https:\/\/www.niinvisua.fi\/wp-content\/uploads\/2023\/02\/79BFC0A0-7E16-4BA7-B442-188D92CEFA7A-300x240.jpeg 300w, https:\/\/www.niinvisua.fi\/wp-content\/uploads\/2023\/02\/79BFC0A0-7E16-4BA7-B442-188D92CEFA7A-768x614.jpeg 768w, https:\/\/www.niinvisua.fi\/wp-content\/uploads\/2023\/02\/79BFC0A0-7E16-4BA7-B442-188D92CEFA7A-1536x1229.jpeg 1536w, https:\/\/www.niinvisua.fi\/wp-content\/uploads\/2023\/02\/79BFC0A0-7E16-4BA7-B442-188D92CEFA7A-2048x1638.jpeg 2048w\" sizes=\"(max-width: 1024px) 100vw, 1024px\" \/><\/figure>\n\n\n\n<h2 class=\"wp-block-heading\">Irtokalustesuunnittelu<\/h2>\n\n\n\n<p>Irtokalustesuunnittelu l\u00e4htee liikkeelle asiakkaan toiveiden pojalta. Yhdist\u00e4n mielell\u00e4ni my\u00f6s olemassa olevia kalusteita uuteen ja etsin halutessasi vaihtoehtoja kierr\u00e4tettyn\u00e4.<\/p>\n\n\n\n<div style=\"height:100px\" aria-hidden=\"true\" class=\"wp-block-spacer\"><\/div>\n\n\n\n<hr class=\"wp-block-separator has-text-color has-ast-global-color-6-color has-alpha-channel-opacity has-ast-global-color-6-background-color has-background is-style-wide\"\/>\n\n\n\n<figure class=\"wp-block-image size-large is-resized\"><img loading=\"lazy\" decoding=\"async\" width=\"1024\" height=\"819\" src=\"https:\/\/www.niinvisua.fi\/wp-content\/uploads\/2023\/02\/353ABCBF-312A-436B-B2A2-BF046729FB5F-1024x819.jpeg\" alt=\"\" class=\"wp-image-620\" style=\"width:911px;height:auto\" srcset=\"https:\/\/www.niinvisua.fi\/wp-content\/uploads\/2023\/02\/353ABCBF-312A-436B-B2A2-BF046729FB5F-1024x819.jpeg 1024w, https:\/\/www.niinvisua.fi\/wp-content\/uploads\/2023\/02\/353ABCBF-312A-436B-B2A2-BF046729FB5F-300x240.jpeg 300w, https:\/\/www.niinvisua.fi\/wp-content\/uploads\/2023\/02\/353ABCBF-312A-436B-B2A2-BF046729FB5F-768x614.jpeg 768w, https:\/\/www.niinvisua.fi\/wp-content\/uploads\/2023\/02\/353ABCBF-312A-436B-B2A2-BF046729FB5F-1536x1229.jpeg 1536w, https:\/\/www.niinvisua.fi\/wp-content\/uploads\/2023\/02\/353ABCBF-312A-436B-B2A2-BF046729FB5F-2048x1638.jpeg 2048w\" sizes=\"(max-width: 1024px) 100vw, 1024px\" \/><\/figure>\n\n\n\n<h2 class=\"wp-block-heading\">Tekstiilisuunnittelu<\/h2>\n\n\n\n<p>Sisustuskokonaisuuden ja yht\u00e4l\u00e4isen tyylin viimeistelev\u00e4t verhot, matot, tyynyt sek\u00e4 muut tekstiilit. Ne tuovat kodikkuutta ja samalla akustoivat tilaa.&nbsp;<\/p>\n\n\n\n<div style=\"height:100px\" aria-hidden=\"true\" class=\"wp-block-spacer\"><\/div>\n\n\n\n<hr class=\"wp-block-separator has-text-color has-ast-global-color-6-color has-alpha-channel-opacity has-ast-global-color-6-background-color has-background is-style-wide\"\/>\n\n\n\n<figure class=\"wp-block-image size-large is-resized\"><img loading=\"lazy\" decoding=\"async\" width=\"1024\" height=\"819\" src=\"https:\/\/www.niinvisua.fi\/wp-content\/uploads\/2023\/02\/734D0D1D-911F-4120-A9B7-8EEED4B41D0C-1024x819.jpeg\" alt=\"\" class=\"wp-image-621\" srcset=\"https:\/\/www.niinvisua.fi\/wp-content\/uploads\/2023\/02\/734D0D1D-911F-4120-A9B7-8EEED4B41D0C-1024x819.jpeg 1024w, https:\/\/www.niinvisua.fi\/wp-content\/uploads\/2023\/02\/734D0D1D-911F-4120-A9B7-8EEED4B41D0C-300x240.jpeg 300w, https:\/\/www.niinvisua.fi\/wp-content\/uploads\/2023\/02\/734D0D1D-911F-4120-A9B7-8EEED4B41D0C-768x614.jpeg 768w, https:\/\/www.niinvisua.fi\/wp-content\/uploads\/2023\/02\/734D0D1D-911F-4120-A9B7-8EEED4B41D0C-1536x1229.jpeg 1536w, https:\/\/www.niinvisua.fi\/wp-content\/uploads\/2023\/02\/734D0D1D-911F-4120-A9B7-8EEED4B41D0C-2048x1638.jpeg 2048w\" sizes=\"(max-width: 1024px) 100vw, 1024px\" \/><\/figure>\n\n\n\n<h2 class=\"wp-block-heading\">Valaistussuunnittelu<\/h2>\n\n\n\n<p>Valaistuksella voimme luoda erilaisia tunnelmia tarpeen mukaan. Tarvitsemme eri tarkoituksiin erilaista valoa, kuten esimerkiksi yleisvaloa, kohdevaloa, tunnelmavaloa ja ty\u00f6valoa. Hyvin suunniteltu valaistus luo viihtyvyytt\u00e4.<\/p>\n\n\n\n<div style=\"height:100px\" aria-hidden=\"true\" class=\"wp-block-spacer\"><\/div>\n\n\n\n<hr class=\"wp-block-separator has-text-color has-ast-global-color-6-color has-alpha-channel-opacity has-ast-global-color-6-background-color has-background is-style-wide\"\/>\n\n\n\n<figure class=\"wp-block-image size-large is-resized\"><img loading=\"lazy\" decoding=\"async\" width=\"1024\" height=\"819\" src=\"https:\/\/www.niinvisua.fi\/wp-content\/uploads\/2024\/01\/Beige-Gray-photo-Collage--1024x819.png\" alt=\"\" class=\"wp-image-659\" style=\"width:911px;height:auto\" srcset=\"https:\/\/www.niinvisua.fi\/wp-content\/uploads\/2024\/01\/Beige-Gray-photo-Collage--1024x819.png 1024w, https:\/\/www.niinvisua.fi\/wp-content\/uploads\/2024\/01\/Beige-Gray-photo-Collage--300x240.png 300w, https:\/\/www.niinvisua.fi\/wp-content\/uploads\/2024\/01\/Beige-Gray-photo-Collage--768x614.png 768w, https:\/\/www.niinvisua.fi\/wp-content\/uploads\/2024\/01\/Beige-Gray-photo-Collage--1536x1229.png 1536w, https:\/\/www.niinvisua.fi\/wp-content\/uploads\/2024\/01\/Beige-Gray-photo-Collage--2048x1638.png 2048w\" sizes=\"(max-width: 1024px) 100vw, 1024px\" \/><\/figure>\n\n\n\n<h2 class=\"wp-block-heading\">Sisustuskonsultaatio<\/h2>\n\n\n\n<p>Konsultaatiok\u00e4ynnill\u00e4 k\u00e4yd\u00e4\u00e4n yhdess\u00e4 asiakkaan kanssa l\u00e4pi pieni\u00e4 ongelmakohtia sisustuksessa ja etsit\u00e4\u00e4n niihin ratkaisumalleja. Saat vinkkej\u00e4 esimerkiksi toiminnallisuuteen, kalusteiden uudelleensijoitteluun, karsimiseen tai vaikkapa v\u00e4rimaailmaan.<\/p>\n\n\n\n<div style=\"height:100px\" aria-hidden=\"true\" class=\"wp-block-spacer\"><\/div>\n\n\n\n<hr class=\"wp-block-separator has-text-color has-ast-global-color-6-color has-alpha-channel-opacity has-ast-global-color-6-background-color has-background is-style-wide\"\/>\n\n\n\n<figure class=\"wp-block-image size-large is-resized\"><img loading=\"lazy\" decoding=\"async\" width=\"1024\" height=\"819\" src=\"https:\/\/www.niinvisua.fi\/wp-content\/uploads\/2024\/01\/Beige-Gray-photo-Collage-4-1024x819.png\" alt=\"\" class=\"wp-image-662\" style=\"width:910px;height:auto\" srcset=\"https:\/\/www.niinvisua.fi\/wp-content\/uploads\/2024\/01\/Beige-Gray-photo-Collage-4-1024x819.png 1024w, https:\/\/www.niinvisua.fi\/wp-content\/uploads\/2024\/01\/Beige-Gray-photo-Collage-4-300x240.png 300w, https:\/\/www.niinvisua.fi\/wp-content\/uploads\/2024\/01\/Beige-Gray-photo-Collage-4-768x614.png 768w, https:\/\/www.niinvisua.fi\/wp-content\/uploads\/2024\/01\/Beige-Gray-photo-Collage-4-1536x1229.png 1536w, https:\/\/www.niinvisua.fi\/wp-content\/uploads\/2024\/01\/Beige-Gray-photo-Collage-4-2048x1638.png 2048w\" sizes=\"(max-width: 1024px) 100vw, 1024px\" \/><\/figure>\n\n\n\n<div style=\"height:100px\" aria-hidden=\"true\" class=\"wp-block-spacer\"><\/div>\n\n\n\n<h2 class=\"wp-block-heading\">Stailaus\/kevytsisustus<\/h2>\n\n\n\n<p>Stailaus pyrit\u00e4\u00e4n toteuttamaan suurimmaksi osaksi asukkaan omilla kalusteilla. K\u00e4yt\u00e4nn\u00f6ss\u00e4 t\u00e4m\u00e4 tehd\u00e4\u00e4n tavaraa karsimalla ja uudelleen j\u00e4rjestelem\u00e4ll\u00e4, niin ett\u00e4 asunnon parhaat puolet saadaan esille. T\u00e4t\u00e4 voisi kutsua my\u00f6s kevytsisustukseksi, joka sopii ihan kenelle tahansa esimerkiksi silloin, kun tarvitsee apua kalusteiden uudelleensijoitteluun, tavaroiden karsimiseen tai vaikkapa kodin toiminnallisuuden parantamiseen pienin kevyin keinoin.&nbsp;<\/p>\n\n\n\n<div style=\"height:100px\" aria-hidden=\"true\" class=\"wp-block-spacer\"><\/div>\n\n\n\n<hr class=\"wp-block-separator has-text-color has-ast-global-color-6-color has-alpha-channel-opacity has-ast-global-color-6-background-color has-background is-style-wide\"\/>\n\n\n\n<figure class=\"wp-block-image size-large is-resized\"><img loading=\"lazy\" decoding=\"async\" width=\"1024\" height=\"819\" src=\"https:\/\/www.niinvisua.fi\/wp-content\/uploads\/2024\/01\/Beige-Gray-photo-Collage-3-1024x819.png\" alt=\"\" class=\"wp-image-661\" style=\"width:912px;height:auto\" srcset=\"https:\/\/www.niinvisua.fi\/wp-content\/uploads\/2024\/01\/Beige-Gray-photo-Collage-3-1024x819.png 1024w, https:\/\/www.niinvisua.fi\/wp-content\/uploads\/2024\/01\/Beige-Gray-photo-Collage-3-300x240.png 300w, https:\/\/www.niinvisua.fi\/wp-content\/uploads\/2024\/01\/Beige-Gray-photo-Collage-3-768x614.png 768w, https:\/\/www.niinvisua.fi\/wp-content\/uploads\/2024\/01\/Beige-Gray-photo-Collage-3-1536x1229.png 1536w, https:\/\/www.niinvisua.fi\/wp-content\/uploads\/2024\/01\/Beige-Gray-photo-Collage-3-2048x1638.png 2048w\" sizes=\"(max-width: 1024px) 100vw, 1024px\" \/><\/figure>\n\n\n\n<div style=\"height:100px\" aria-hidden=\"true\" class=\"wp-block-spacer\"><\/div>\n\n\n\n<h2 class=\"wp-block-heading\">Somistus\/myym\u00e4l\u00e4n esillepanot<\/h2>\n\n\n\n<p>Somistuspalvelu on sopiva, kun haluat myym\u00e4l\u00e4si n\u00e4yteikkunaan uutta ilmett\u00e4 tai muuten vain vinkkej\u00e4 myym\u00e4l\u00e4n tai toimitilasi esillepanojen kanssa. Kutsuva tila lis\u00e4\u00e4 taatusti tuottoa.&nbsp;<\/p>\n\n\n\n<div style=\"height:100px\" aria-hidden=\"true\" class=\"wp-block-spacer\"><\/div>\n\n\n\n<hr class=\"wp-block-separator has-text-color has-ast-global-color-6-color has-alpha-channel-opacity has-ast-global-color-6-background-color has-background is-style-wide\"\/>\n\n\n\n<div style=\"height:100px\" aria-hidden=\"true\" class=\"wp-block-spacer\"><\/div>\n\n\n\n<figure class=\"wp-block-image size-full\"><img loading=\"lazy\" decoding=\"async\" width=\"500\" height=\"120\" src=\"https:\/\/www.niinvisua.fi\/wp-content\/uploads\/2022\/04\/SA_logo_rgb-1.jpg\" alt=\"\" class=\"wp-image-505\" srcset=\"https:\/\/www.niinvisua.fi\/wp-content\/uploads\/2022\/04\/SA_logo_rgb-1.jpg 500w, https:\/\/www.niinvisua.fi\/wp-content\/uploads\/2022\/04\/SA_logo_rgb-1-300x72.jpg 300w\" sizes=\"(max-width: 500px) 100vw, 500px\" \/><\/figure>\n\n\n\n<div style=\"height:100px\" aria-hidden=\"true\" class=\"wp-block-spacer\"><\/div>\n\n\n\n<h2 class=\"wp-block-heading\">Ammattij\u00e4rjest\u00e4j\u00e4n palvelu<\/h2>\n\n\n\n<p>Ammattij\u00e4rjest\u00e4j\u00e4 auttaa, kun kaipaat apua ja tukea tavaroiden karsimiseen. Yhdess\u00e4 ammattij\u00e4rjest\u00e4j\u00e4n kanssa p\u00e4\u00e4see karsimisessa ja j\u00e4rjest\u00e4misess\u00e4 helpommin alkuun. Olen koulutettu ammattij\u00e4rjest\u00e4j\u00e4 ja minulla on ty\u00f6ss\u00e4ni ammattij\u00e4rjest\u00e4j\u00e4n\u00e4 vaitiolovelvollisuus. Olen Suomen Ammattij\u00e4rjest\u00e4j\u00e4t Ry:n j\u00e4sen.<\/p>\n\n\n\n<div style=\"height:100px\" aria-hidden=\"true\" class=\"wp-block-spacer\"><\/div>\n\n\n\n<hr class=\"wp-block-separator has-text-color has-ast-global-color-6-color has-alpha-channel-opacity has-ast-global-color-6-background-color has-background is-style-wide\"\/>\n\n\n\n<div style=\"height:100px\" aria-hidden=\"true\" class=\"wp-block-spacer\"><\/div>\n\n\n\n<p class=\"has-medium-font-size\"><strong>Ensimm\u00e4inen tutustumisk\u00e4yntini on ilmainen. K\u00e4ynnin j\u00e4lkeen lasken aina tapauskohtaisen tarjouksen. Ota yhteytt\u00e4!<\/strong> <\/p>\n\n\n\n<p class=\"has-medium-font-size\">Mietit\u00e4\u00e4n ja suunnitellaan yhdess\u00e4 sinulle sopiva kokonaisuus, <\/p>\n\n\n\n<p class=\"has-medium-font-size\">Sisustussuunnittelun tuntiveloitus 85\u20ac (sis. 25,5% alv)<\/p>\n\n\n\n<figure class=\"wp-block-image size-large is-resized\"><img loading=\"lazy\" decoding=\"async\" width=\"1024\" height=\"819\" src=\"https:\/\/www.niinvisua.fi\/wp-content\/uploads\/2024\/01\/Beige-Gray-photo-Collage-5-1024x819.png\" alt=\"\" class=\"wp-image-665\" style=\"width:910px;height:auto\" srcset=\"https:\/\/www.niinvisua.fi\/wp-content\/uploads\/2024\/01\/Beige-Gray-photo-Collage-5-1024x819.png 1024w, https:\/\/www.niinvisua.fi\/wp-content\/uploads\/2024\/01\/Beige-Gray-photo-Collage-5-300x240.png 300w, https:\/\/www.niinvisua.fi\/wp-content\/uploads\/2024\/01\/Beige-Gray-photo-Collage-5-768x614.png 768w, https:\/\/www.niinvisua.fi\/wp-content\/uploads\/2024\/01\/Beige-Gray-photo-Collage-5-1536x1229.png 1536w, https:\/\/www.niinvisua.fi\/wp-content\/uploads\/2024\/01\/Beige-Gray-photo-Collage-5-2048x1638.png 2048w\" sizes=\"(max-width: 1024px) 100vw, 1024px\" \/><\/figure>\n","protected":false},"excerpt":{"rendered":"<p>Sisustussuunnittelu sis\u00e4lt\u00e4\u00e4 aina asiakkaalle yksil\u00f6llisesti r\u00e4\u00e4t\u00e4l\u00f6idyn suunnitelman.&nbsp;Suunnitelma sis\u00e4lt\u00e4\u00e4 esimerkiksi: Sisustussuunnitelman tekeminen sis\u00e4lt\u00e4\u00e4 paljon kommunikointia asiakkaan kanssa, jotta p\u00e4\u00e4semme parhaaseen mahdolliseen lopputulokseen Tilasuunnittelu Tilasuunnittelussa m\u00e4\u00e4ritell\u00e4\u00e4n tilan k\u00e4ytt\u00f6tarkoitus, kulut ja esimerkiksi kiintokalusteiden paikat toiminnallisuus sek\u00e4 visuaalisuus huomioiden. Suunnittelu alkaa kartoituksella, jossa k\u00e4yd\u00e4\u00e4n l\u00e4pi asiakkaan tarpeet ja toiveet. Pintamateriaali- ja v\u00e4risuunnittelu Pintaateriaali ja v\u00e4rivalinnoilla luodaan tilaan viimeistelty ja [&hellip;]<\/p>\n","protected":false},"author":1,"featured_media":0,"parent":0,"menu_order":0,"comment_status":"closed","ping_status":"closed","template":"","meta":{"site-sidebar-layout":"default","site-content-layout":"","ast-site-content-layout":"default","site-content-style":"default","site-sidebar-style":"default","ast-global-header-display":"","ast-banner-title-visibility":"","ast-main-header-display":"","ast-hfb-above-header-display":"","ast-hfb-below-header-display":"","ast-hfb-mobile-header-display":"","site-post-title":"","ast-breadcrumbs-content":"","ast-featured-img":"","footer-sml-layout":"","ast-disable-related-posts":"","theme-transparent-header-meta":"","adv-header-id-meta":"","stick-header-meta":"","header-above-stick-meta":"","header-main-stick-meta":"","header-below-stick-meta":"","astra-migrate-meta-layouts":"set","ast-page-background-enabled":"default","ast-page-background-meta":{"desktop":{"background-color":"var(--ast-global-color-4)","background-image":"","background-repeat":"repeat","background-position":"center center","background-size":"auto","background-attachment":"scroll","background-type":"","background-media":"","overlay-type":"","overlay-color":"","overlay-opacity":"","overlay-gradient":""},"tablet":{"background-color":"","background-image":"","background-repeat":"repeat","background-position":"center center","background-size":"auto","background-attachment":"scroll","background-type":"","background-media":"","overlay-type":"","overlay-color":"","overlay-opacity":"","overlay-gradient":""},"mobile":{"background-color":"","background-image":"","background-repeat":"repeat","background-position":"center center","background-size":"auto","background-attachment":"scroll","background-type":"","background-media":"","overlay-type":"","overlay-color":"","overlay-opacity":"","overlay-gradient":""}},"ast-content-background-meta":{"desktop":{"background-color":"var(--ast-global-color-5)","background-image":"","background-repeat":"repeat","background-position":"center center","background-size":"auto","background-attachment":"scroll","background-type":"","background-media":"","overlay-type":"","overlay-color":"","overlay-opacity":"","overlay-gradient":""},"tablet":{"background-color":"var(--ast-global-color-5)","background-image":"","background-repeat":"repeat","background-position":"center center","background-size":"auto","background-attachment":"scroll","background-type":"","background-media":"","overlay-type":"","overlay-color":"","overlay-opacity":"","overlay-gradient":""},"mobile":{"background-color":"var(--ast-global-color-5)","background-image":"","background-repeat":"repeat","background-position":"center center","background-size":"auto","background-attachment":"scroll","background-type":"","background-media":"","overlay-type":"","overlay-color":"","overlay-opacity":"","overlay-gradient":""}},"footnotes":""},"class_list":["post-402","page","type-page","status-publish","hentry"],"_links":{"self":[{"href":"https:\/\/www.niinvisua.fi\/index.php?rest_route=\/wp\/v2\/pages\/402"}],"collection":[{"href":"https:\/\/www.niinvisua.fi\/index.php?rest_route=\/wp\/v2\/pages"}],"about":[{"href":"https:\/\/www.niinvisua.fi\/index.php?rest_route=\/wp\/v2\/types\/page"}],"author":[{"embeddable":true,"href":"https:\/\/www.niinvisua.fi\/index.php?rest_route=\/wp\/v2\/users\/1"}],"replies":[{"embeddable":true,"href":"https:\/\/www.niinvisua.fi\/index.php?rest_route=%2Fwp%2Fv2%2Fcomments&post=402"}],"version-history":[{"count":39,"href":"https:\/\/www.niinvisua.fi\/index.php?rest_route=\/wp\/v2\/pages\/402\/revisions"}],"predecessor-version":[{"id":692,"href":"https:\/\/www.niinvisua.fi\/index.php?rest_route=\/wp\/v2\/pages\/402\/revisions\/692"}],"wp:attachment":[{"href":"https:\/\/www.niinvisua.fi\/index.php?rest_route=%2Fwp%2Fv2%2Fmedia&parent=402"}],"curies":[{"name":"wp","href":"https:\/\/api.w.org\/{rel}","templated":true}]}}